{"id":3971,"date":"2023-11-20T18:13:10","date_gmt":"2023-11-20T18:13:10","guid":{"rendered":"https:\/\/www.ruggtek.com\/?page_id=3971"},"modified":"2024-10-08T17:00:32","modified_gmt":"2024-10-08T17:00:32","slug":"%d0%b8%d0%b7%d0%b0%d0%b1%d0%b5%d1%80%d0%b8-%d1%98%d0%b5%d0%b7%d0%b8%d0%ba","status":"publish","type":"page","link":"https:\/\/www.ruggtek.com\/sr\/scegli-lingua\/","title":{"rendered":"\u0418\u0437\u0430\u0431\u0435\u0440\u0438\u0442\u0435 \u0441\u0432\u043e\u0458 \u0458\u0435\u0437\u0438\u043a"},"content":{"rendered":"<div id=\"impact\"  data-column-margin=\"none\" data-midnight=\"dark\" data-top-percent=\"7%\" data-bottom-percent=\"0%\"  class=\"wpb_row vc_row-fluid vc_row full-width-section\" data-using-ctc=\"true\" style=\"padding-top: calc(100vw * 0.07); padding-bottom: calc(100vw * 0.00); color: #d4c0ff; \"><div class=\"row-bg-wrap\" data-bg-animation=\"fade-in\" data-bg-animation-delay=\"\" data-bg-overlay=\"false\"><div class=\"inner-wrap row-bg-layer\" style=\"background-color: #ffffff;\" ><div class=\"row-bg viewport-desktop using-bg-color\"  style=\"background-color: #ffffff; \"><\/div><\/div><\/div><div class=\"row_col_wrap_12 col span_12 custom left\">\n\t<div style=\" color: #ffffff;\" class=\"vc_col-sm-12 wpb_column column_container vc_column_container col has-animation\" data-cfc=\"true\"  data-padding-pos=\"all\" data-has-bg-color=\"false\" data-bg-color=\"\" data-bg-opacity=\"1\" data-animation=\"fade-in-from-bottom\" data-delay=\"0\" >\n\t\t<div class=\"vc_column-inner\" >\n\t\t\t<div class=\"wpb_wrapper\">\n\t\t\t\t<div class=\"nectar-split-heading  breadcrumb-black\" data-align=\"default\" data-m-align=\"inherit\" data-text-effect=\"default\" data-animation-type=\"default\" data-animation-delay=\"0\" data-animation-offset=\"\" data-m-rm-animation=\"\" data-stagger=\"\" data-custom-font-size=\"false\" ><div class=\"heading-line\" > <div><a href=\"https:\/\/www.ruggtek.com\/sr\/\">\u041f\u041e\u0427\u0415\u0422\u041d\u0410<\/a> \u0408\u0415\u0417\u0418\u041a <\/div> <\/div><\/div><div class=\"nectar-split-heading  font_size_4vw font_size_tablet_50px font_size_phone_30px font_line_height_1-5\" data-align=\"default\" data-m-align=\"inherit\" data-text-effect=\"letter-reveal-bottom\" data-animation-type=\"line-reveal-by-space\" data-animation-delay=\"500\" data-animation-offset=\"\" data-m-rm-animation=\"\" data-stagger=\"true\" data-custom-font-size=\"true\" style=\"font-size: 4vw; line-height: 4.4vw;\"><h1 style=\" color: #000000;\">\u0418\u0437\u0430\u0431\u0435\u0440\u0438\u0442\u0435 \u0441\u0432\u043e\u0458 \u0458\u0435\u0437\u0438\u043a<\/h1><\/div><div id=\"fws_69e31cdf1f115\" data-midnight=\"\" data-column-margin=\"default\" class=\"wpb_row vc_row-fluid vc_row inner_row  row_position_absolute bottom_position_desktop_-4vw left_position_desktop_-20vw\"  style=\" z-index: -1;\"><div class=\"row-bg-wrap\"> <div class=\"row-bg\" ><\/div> <\/div><div class=\"row_col_wrap_12_inner col span_12  left\">\n\t<div  class=\"vc_col-sm-12 wpb_column column_container vc_column_container col child_column has-animation\"   data-padding-pos=\"all\" data-has-bg-color=\"false\" data-bg-color=\"\" data-bg-opacity=\"1\" data-animation=\"fade-in-from-right\" data-delay=\"0\" >\n\t\t<div class=\"vc_column-inner\" >\n\t\t<div class=\"wpb_wrapper\">\n\t\t\t<div class=\"nectar-scrolling-text font_size_20vw font_size_mobile_40vw custom_color text_space_medium\" data-style=\"default\" data-s-dir=\"ltr\" data-spacing=\"true\" data-outline-thickness=\"thin\" data-s-speed=\"slowest\" data-overflow=\"visible\" ><div class=\"nectar-scrolling-text-inner\" style=\"color: #efefef;\"><div class=\"nectar-scrolling-text-inner__text-chunk\">\n<h1>\u0458\u0435\u0437\u0438\u043a<\/h1>\n<\/div><div class=\"nectar-scrolling-text-inner__text-chunk\">\n<h1>\u0458\u0435\u0437\u0438\u043a<\/h1>\n<\/div><div class=\"nectar-scrolling-text-inner__text-chunk\">\n<h1>\u0458\u0435\u0437\u0438\u043a<\/h1>\n<\/div><div class=\"nectar-scrolling-text-inner__text-chunk\">\n<h1>\u0458\u0435\u0437\u0438\u043a<\/h1>\n<\/div><div class=\"nectar-scrolling-text-inner__text-chunk\">\n<h1>\u0458\u0435\u0437\u0438\u043a<\/h1>\n<\/div><div class=\"nectar-scrolling-text-inner__text-chunk\">\n<h1>\u0458\u0435\u0437\u0438\u043a<\/h1>\n<\/div><div class=\"nectar-scrolling-text-inner__text-chunk\">\n<h1>\u0458\u0435\u0437\u0438\u043a<\/h1>\n<\/div><\/div><\/div>\n\t\t<\/div> \n\t<\/div>\n\t<\/div> \n<\/div><\/div>\n\t\t\t<\/div> \n\t\t<\/div>\n\t<\/div> \n<\/div><\/div>\n\t\t<div id=\"fws_69e31cdf1f446\"  data-column-margin=\"default\" data-midnight=\"dark\"  class=\"wpb_row vc_row-fluid vc_row full-width-content vc_row-o-equal-height vc_row-flex vc_row-o-content-top\"  style=\"padding-top: 0px; padding-bottom: 0px; \"><div class=\"row-bg-wrap\" data-bg-animation=\"none\" data-bg-animation-delay=\"\" data-bg-overlay=\"false\"><div class=\"inner-wrap row-bg-layer\" ><div class=\"row-bg viewport-desktop using-bg-color\"  style=\"background-color: #ffffff; \"><\/div><\/div><\/div><div class=\"row_col_wrap_12 col span_12 dark left\">\n\t<div  class=\"vc_col-sm-12 wpb_column column_container vc_column_container col no-extra-padding inherit_tablet inherit_phone\"  data-padding-pos=\"all\" data-has-bg-color=\"false\" data-bg-color=\"\" data-bg-opacity=\"1\" data-animation=\"\" data-delay=\"0\" >\n\t\t<div class=\"vc_column-inner\" >\n\t\t\t<div class=\"wpb_wrapper\">\n\t\t\t\t<div class=\"divider-wrap height_tablet_10vh height_phone_10vh\" data-alignment=\"default\"><div style=\"height: 13vh;\" class=\"divider\"><\/div><\/div>\n\t\t\t<\/div> \n\t\t<\/div>\n\t<\/div> \n<\/div><\/div>\n\t\t<div id=\"fws_69e31cdf1f68b\"  data-column-margin=\"default\" data-midnight=\"dark\" data-bottom-percent=\"8%\"  class=\"wpb_row vc_row-fluid vc_row full-width-section\"  style=\"padding-top: 0px; padding-bottom: calc(100vw * 0.08); \"><div class=\"row-bg-wrap\" data-bg-animation=\"none\" data-bg-animation-delay=\"\" data-bg-overlay=\"false\"><div class=\"inner-wrap row-bg-layer\" ><div class=\"row-bg viewport-desktop\"  style=\"\"><\/div><\/div><\/div><div class=\"row_col_wrap_12 col span_12 dark left\">\n\t<div style=\"margin-top: -9vh; \" class=\"vc_col-sm-12 linguaggio wpb_column column_container vc_column_container col neg-marg has-animation padding-3-percent padding-2-percent_tablet padding-2-percent_phone\" data-using-bg=\"true\" data-border-radius=\"20px\" data-border-animation=\"\" data-border-animation-delay=\"\" data-border-width=\"1px\" data-border-style=\"solid\" data-border-color=\"#000000\" data-padding-pos=\"all\" data-has-bg-color=\"true\" data-bg-color=\"#ffffff\" data-bg-opacity=\"1\" data-animation=\"fade-in-from-bottom\" data-delay=\"0\" >\n\t\t<div class=\"vc_column-inner\" style=\"border: 1px solid #000000;\"><div class=\"column-bg-overlay-wrap column-bg-layer\" data-bg-animation=\"none\"><div class=\"column-bg-overlay\" style=\"opacity: 1; background-color: #ffffff;\"><\/div><\/div>\n\t\t\t<div class=\"wpb_wrapper\">\n\t\t\t\t\n<div class=\"wpb_text_column wpb_content_element  notranslate\" >\n\t<div class=\"wpb_wrapper\">\n\t\t<ul class='lingua'  data-no-translation><li style='list-style: none;'><a href='https:\/\/www.ruggtek.com\/sr\/wp-json\/wp\/v2\/pages\/3971'><img style='width: 18px; max-width: 18px; height: 100%; margin-top: 6px;  margin-right: 6px;'  src='https:\/\/www.ruggtek.com\/wp-content\/plugins\/translatepress-multilingual\/assets\/images\/flags\/it_IT.png' width='18' height='18'> <span class='lungo'  >Italiano<\/span><span class='corto'  >it<\/span><\/a><\/li><li style='list-style: none;'><a href='https:\/\/www.ruggtek.com\/sr\/wp-json\/wp\/v2\/pages\/3971'><img style='width: 18px; max-width: 18px; height: 100%; margin-top: 6px;  margin-right: 6px;'  src='https:\/\/www.ruggtek.com\/wp-content\/plugins\/translatepress-multilingual\/assets\/images\/flags\/en_GB.png' width='18' height='18'> <span class='lungo'  >English (UK)<\/span><span class='corto'  >en<\/span><\/a><\/li><li style='list-style: none;'><a href='https:\/\/www.ruggtek.com\/sr\/wp-json\/wp\/v2\/pages\/3971'><img style='width: 18px; max-width: 18px; height: 100%; margin-top: 6px;  margin-right: 6px;'  src='https:\/\/www.ruggtek.com\/wp-content\/plugins\/translatepress-multilingual\/assets\/images\/flags\/es_ES.png' width='18' height='18'> <span class='lungo'  >Espa\u00f1ol<\/span><span class='corto'  >es<\/span><\/a><\/li><li style='list-style: none;'><a href='https:\/\/www.ruggtek.com\/sr\/wp-json\/wp\/v2\/pages\/3971'><img style='width: 18px; max-width: 18px; height: 100%; margin-top: 6px;  margin-right: 6px;'  src='https:\/\/www.ruggtek.com\/wp-content\/plugins\/translatepress-multilingual\/assets\/images\/flags\/fr_FR.png' width='18' height='18'> <span class='lungo'  >Fran\u00e7ais<\/span><span class='corto'  >fr<\/span><\/a><\/li><li style='list-style: none;'><a href='https:\/\/www.ruggtek.com\/sr\/wp-json\/wp\/v2\/pages\/3971'><img style='width: 18px; max-width: 18px; height: 100%; margin-top: 6px;  margin-right: 6px;'  src='https:\/\/www.ruggtek.com\/wp-content\/plugins\/translatepress-multilingual\/assets\/images\/flags\/de_DE.png' width='18' height='18'> <span class='lungo'  >Deutsch<\/span><span class='corto'  >de<\/span><\/a><\/li><li style='list-style: none;'><a href='https:\/\/www.ruggtek.com\/sr\/wp-json\/wp\/v2\/pages\/3971'><img style='width: 18px; max-width: 18px; height: 100%; margin-top: 6px;  margin-right: 6px;'  src='https:\/\/www.ruggtek.com\/wp-content\/plugins\/translatepress-multilingual\/assets\/images\/flags\/pt_PT.png' width='18' height='18'> <span class='lungo'  >Portugu\u00eas<\/span><span class='corto'  >pt<\/span><\/a><\/li><li style='list-style: none;'><a href='https:\/\/www.ruggtek.com\/sr\/wp-json\/wp\/v2\/pages\/3971'><img style='width: 18px; max-width: 18px; height: 100%; margin-top: 6px;  margin-right: 6px;'  src='https:\/\/www.ruggtek.com\/wp-content\/plugins\/translatepress-multilingual\/assets\/images\/flags\/pt_BR.png' width='18' height='18'> <span class='lungo'  >Portugu\u00eas do Brasil<\/span><span class='corto'  >br<\/span><\/a><\/li><li style='list-style: none;'><a href='https:\/\/www.ruggtek.com\/sr\/wp-json\/wp\/v2\/pages\/3971'><img style='width: 18px; max-width: 18px; height: 100%; margin-top: 6px;  margin-right: 6px;'  src='https:\/\/www.ruggtek.com\/wp-content\/plugins\/translatepress-multilingual\/assets\/images\/flags\/nl_NL.png' width='18' height='18'> <span class='lungo'  >Nederlands<\/span><span class='corto'  >nl<\/span><\/a><\/li><li style='list-style: none;'><a href='https:\/\/www.ruggtek.com\/sr\/wp-json\/wp\/v2\/pages\/3971'><img style='width: 18px; max-width: 18px; height: 100%; margin-top: 6px;  margin-right: 6px;'  src='https:\/\/www.ruggtek.com\/wp-content\/plugins\/translatepress-multilingual\/assets\/images\/flags\/sl_SI.png' width='18' height='18'> <span class='lungo'  >Sloven\u0161\u010dina<\/span><span class='corto'  >sl<\/span><\/a><\/li><li style='list-style: none;'><a href='https:\/\/www.ruggtek.com\/sr\/wp-json\/wp\/v2\/pages\/3971'><img style='width: 18px; max-width: 18px; height: 100%; margin-top: 6px;  margin-right: 6px;'  src='https:\/\/www.ruggtek.com\/wp-content\/plugins\/translatepress-multilingual\/assets\/images\/flags\/sr_RS.png' width='18' height='18'> <span class='lungo'  >\u0421\u0440\u043f\u0441\u043a\u0438 \u0458\u0435\u0437\u0438\u043a<\/span><span class='corto'  >sr<\/span><\/a><\/li><li style='list-style: none;'><a href='https:\/\/www.ruggtek.com\/sr\/wp-json\/wp\/v2\/pages\/3971'><img style='width: 18px; max-width: 18px; height: 100%; margin-top: 6px;  margin-right: 6px;'  src='https:\/\/www.ruggtek.com\/wp-content\/plugins\/translatepress-multilingual\/assets\/images\/flags\/ro_RO.png' width='18' height='18'> <span class='lungo'  >Rom\u00e2n\u0103<\/span><span class='corto'  >ro<\/span><\/a><\/li><\/ul>\n\t<\/div>\n<\/div>\n\n\n\n\n\t\t\t<\/div> \n\t\t<\/div>\n\t<\/div> \n<\/div><\/div>","protected":false},"excerpt":{"rendered":"HOME LANGUAGE Scegli la lingua language language language language language language language Italianoit English (UK)en Espa\u00f1oles Fran\u00e7aisfr Deutschde Portugu\u00easpt Portugu\u00eas do Brasilbr Nederlandsnl Sloven\u0161\u010dinasl \u0421\u0440\u043f\u0441\u043a\u0438 \u0458\u0435\u0437\u0438\u043asr Rom\u00e2n\u0103ro","protected":false},"author":92,"featured_media":3106,"parent":0,"menu_order":0,"comment_status":"closed","ping_status":"closed","template":"","meta":{"inline_featured_image":false,"wpupg_custom_link":[],"wpupg_custom_link_behaviour":["default"],"wpupg_custom_link_nofollow":[],"wpupg_custom_image":[],"wpupg_custom_image_id":[],"footnotes":""},"class_list":["post-3971","page","type-page","status-publish","has-post-thumbnail"],"yoast_head":"<!-- This site is optimized with the Yoast SEO Premium plugin v24.3 (Yoast SEO v27.2) - https:\/\/yoast.com\/product\/yoast-seo-premium-wordpress\/ -->\n<title>Scegli la lingua | Ruggtek<\/title>\n<meta name=\"robots\" content=\"index, follow, max-snippet:-1, max-image-preview:large, max-video-preview:-1\" \/>\n<link rel=\"canonical\" href=\"https:\/\/www.ruggtek.com\/sr\/\u0438\u0437\u0430\u0431\u0435\u0440\u0438-\u0458\u0435\u0437\u0438\u043a\/\" \/>\n<meta property=\"og:locale\" content=\"sr_RS\" \/>\n<meta property=\"og:type\" content=\"article\" \/>\n<meta property=\"og:title\" content=\"Scegli la lingua\" \/>\n<meta property=\"og:url\" content=\"https:\/\/www.ruggtek.com\/sr\/\u0438\u0437\u0430\u0431\u0435\u0440\u0438-\u0458\u0435\u0437\u0438\u043a\/\" \/>\n<meta property=\"og:site_name\" content=\"Ruggtek\" \/>\n<meta property=\"article:publisher\" content=\"https:\/\/www.facebook.com\/ruggtek\/\" \/>\n<meta property=\"article:modified_time\" content=\"2024-10-08T17:00:32+00:00\" \/>\n<meta property=\"og:image\" content=\"https:\/\/www.ruggtek.com\/wp-content\/uploads\/2023\/11\/partner3.jpg\" \/>\n\t<meta property=\"og:image:width\" content=\"800\" \/>\n\t<meta property=\"og:image:height\" content=\"600\" \/>\n\t<meta property=\"og:image:type\" content=\"image\/jpeg\" \/>\n<meta name=\"twitter:card\" content=\"summary_large_image\" \/>\n<meta name=\"twitter:label1\" content=\"\u041f\u0440\u043e\u0446\u0435\u045a\u0435\u043d\u043e \u0432\u0440\u0435\u043c\u0435 \u0447\u0438\u0442\u0430\u045a\u0430\" \/>\n\t<meta name=\"twitter:data1\" content=\"3 \u043c\u0438\u043d\u0443\u0442\u0430\" \/>\n<script type=\"application\/ld+json\" class=\"yoast-schema-graph\">{\"@context\":\"https:\/\/schema.org\",\"@graph\":[{\"@type\":\"WebPage\",\"@id\":\"https:\/\/www.ruggtek.com\/scegli-lingua\/\",\"url\":\"https:\/\/www.ruggtek.com\/scegli-lingua\/\",\"name\":\"Scegli la lingua | Ruggtek\",\"isPartOf\":{\"@id\":\"https:\/\/www.ruggtek.com\/#website\"},\"primaryImageOfPage\":{\"@id\":\"https:\/\/www.ruggtek.com\/scegli-lingua\/#primaryimage\"},\"image\":{\"@id\":\"https:\/\/www.ruggtek.com\/scegli-lingua\/#primaryimage\"},\"thumbnailUrl\":\"https:\/\/www.ruggtek.com\/wp-content\/uploads\/2023\/11\/partner3.jpg\",\"datePublished\":\"2023-11-20T18:13:10+00:00\",\"dateModified\":\"2024-10-08T17:00:32+00:00\",\"breadcrumb\":{\"@id\":\"https:\/\/www.ruggtek.com\/scegli-lingua\/#breadcrumb\"},\"inLanguage\":\"sr-RS\",\"potentialAction\":[{\"@type\":\"ReadAction\",\"target\":[\"https:\/\/www.ruggtek.com\/scegli-lingua\/\"]}]},{\"@type\":\"ImageObject\",\"inLanguage\":\"sr-RS\",\"@id\":\"https:\/\/www.ruggtek.com\/scegli-lingua\/#primaryimage\",\"url\":\"https:\/\/www.ruggtek.com\/wp-content\/uploads\/2023\/11\/partner3.jpg\",\"contentUrl\":\"https:\/\/www.ruggtek.com\/wp-content\/uploads\/2023\/11\/partner3.jpg\",\"width\":800,\"height\":600},{\"@type\":\"BreadcrumbList\",\"@id\":\"https:\/\/www.ruggtek.com\/scegli-lingua\/#breadcrumb\",\"itemListElement\":[{\"@type\":\"ListItem\",\"position\":1,\"name\":\"Home\",\"item\":\"https:\/\/www.ruggtek.com\/\"},{\"@type\":\"ListItem\",\"position\":2,\"name\":\"Scegli la lingua\"}]},{\"@type\":\"WebSite\",\"@id\":\"https:\/\/www.ruggtek.com\/#website\",\"url\":\"https:\/\/www.ruggtek.com\/\",\"name\":\"Ruggtek \u2013 Tablet Industriali Rugged\",\"description\":\"Rugged mobile computer\",\"publisher\":{\"@id\":\"https:\/\/www.ruggtek.com\/#organization\"},\"alternateName\":\"Ruggtek Rugged Devices\",\"potentialAction\":[{\"@type\":\"SearchAction\",\"target\":{\"@type\":\"EntryPoint\",\"urlTemplate\":\"https:\/\/www.ruggtek.com\/?s={search_term_string}\"},\"query-input\":{\"@type\":\"PropertyValueSpecification\",\"valueRequired\":true,\"valueName\":\"search_term_string\"}}],\"inLanguage\":\"sr-RS\"},{\"@type\":\"Organization\",\"@id\":\"https:\/\/www.ruggtek.com\/#organization\",\"name\":\"Ruggtek\",\"url\":\"https:\/\/www.ruggtek.com\/\",\"logo\":{\"@type\":\"ImageObject\",\"inLanguage\":\"sr-RS\",\"@id\":\"https:\/\/www.ruggtek.com\/#\/schema\/logo\/image\/\",\"url\":\"https:\/\/www.ruggtek.com\/wp-content\/uploads\/2023\/11\/ruggtek.png\",\"contentUrl\":\"https:\/\/www.ruggtek.com\/wp-content\/uploads\/2023\/11\/ruggtek.png\",\"width\":800,\"height\":800,\"caption\":\"Ruggtek\"},\"image\":{\"@id\":\"https:\/\/www.ruggtek.com\/#\/schema\/logo\/image\/\"},\"sameAs\":[\"https:\/\/www.facebook.com\/ruggtek\/\",\"https:\/\/www.instagram.com\/ruggtek\/\"]}]}<\/script>\n<!-- \/ Yoast SEO Premium plugin. -->","yoast_head_json":{"title":"\u0418\u0437\u0430\u0431\u0435\u0440\u0438\u0442\u0435 \u0441\u0432\u043e\u0458 \u0458\u0435\u0437\u0438\u043a | Ruggtek","robots":{"index":"index","follow":"follow","max-snippet":"max-snippet:-1","max-image-preview":"max-image-preview:large","max-video-preview":"max-video-preview:-1"},"canonical":"https:\/\/www.ruggtek.com\/sr\/\u0438\u0437\u0430\u0431\u0435\u0440\u0438-\u0458\u0435\u0437\u0438\u043a\/","og_locale":"sr_RS","og_type":"article","og_title":"Scegli la lingua","og_url":"https:\/\/www.ruggtek.com\/sr\/\u0438\u0437\u0430\u0431\u0435\u0440\u0438-\u0458\u0435\u0437\u0438\u043a\/","og_site_name":"Ruggtek","article_publisher":"https:\/\/www.facebook.com\/ruggtek\/","article_modified_time":"2024-10-08T17:00:32+00:00","og_image":[{"width":800,"height":600,"url":"https:\/\/www.ruggtek.com\/wp-content\/uploads\/2023\/11\/partner3.jpg","type":"image\/jpeg"}],"twitter_card":"summary_large_image","twitter_misc":{"\u041f\u0440\u043e\u0446\u0435\u045a\u0435\u043d\u043e \u0432\u0440\u0435\u043c\u0435 \u0447\u0438\u0442\u0430\u045a\u0430":"3 \u043c\u0438\u043d\u0443\u0442\u0430"},"schema":{"@context":"https:\/\/schema.org","@graph":[{"@type":"WebPage","@id":"https:\/\/www.ruggtek.com\/scegli-lingua\/","url":"https:\/\/www.ruggtek.com\/scegli-lingua\/","name":"\u0418\u0437\u0430\u0431\u0435\u0440\u0438\u0442\u0435 \u0441\u0432\u043e\u0458 \u0458\u0435\u0437\u0438\u043a | Ruggtek","isPartOf":{"@id":"https:\/\/www.ruggtek.com\/#website"},"primaryImageOfPage":{"@id":"https:\/\/www.ruggtek.com\/scegli-lingua\/#primaryimage"},"image":{"@id":"https:\/\/www.ruggtek.com\/scegli-lingua\/#primaryimage"},"thumbnailUrl":"https:\/\/www.ruggtek.com\/wp-content\/uploads\/2023\/11\/partner3.jpg","datePublished":"2023-11-20T18:13:10+00:00","dateModified":"2024-10-08T17:00:32+00:00","breadcrumb":{"@id":"https:\/\/www.ruggtek.com\/scegli-lingua\/#breadcrumb"},"inLanguage":"sr-RS","potentialAction":[{"@type":"ReadAction","target":["https:\/\/www.ruggtek.com\/scegli-lingua\/"]}]},{"@type":"ImageObject","inLanguage":"sr-RS","@id":"https:\/\/www.ruggtek.com\/scegli-lingua\/#primaryimage","url":"https:\/\/www.ruggtek.com\/wp-content\/uploads\/2023\/11\/partner3.jpg","contentUrl":"https:\/\/www.ruggtek.com\/wp-content\/uploads\/2023\/11\/partner3.jpg","width":800,"height":600},{"@type":"BreadcrumbList","@id":"https:\/\/www.ruggtek.com\/scegli-lingua\/#breadcrumb","itemListElement":[{"@type":"ListItem","position":1,"name":"Home","item":"https:\/\/www.ruggtek.com\/"},{"@type":"ListItem","position":2,"name":"Scegli la lingua"}]},{"@type":"WebSite","@id":"https:\/\/www.ruggtek.com\/#website","url":"https:\/\/www.ruggtek.com\/","name":"Ruggtek \u2013 \u0440\u043e\u0431\u0443\u0441\u043d\u0438 \u0438\u043d\u0434\u0443\u0441\u0442\u0440\u0438\u0458\u0441\u043a\u0438 \u0442\u0430\u0431\u043b\u0435\u0442\u0438","description":"\u0418\u0437\u0434\u0440\u0436\u0459\u0438\u0432 \u043c\u043e\u0431\u0438\u043b\u043d\u0438 \u0440\u0430\u0447\u0443\u043d\u0430\u0440","publisher":{"@id":"https:\/\/www.ruggtek.com\/#organization"},"alternateName":"Ruggtek Rugged Devices","potentialAction":[{"@type":"SearchAction","target":{"@type":"EntryPoint","urlTemplate":"https:\/\/www.ruggtek.com\/?s={search_term_string}"},"query-input":{"@type":"PropertyValueSpecification","valueRequired":true,"valueName":"search_term_string"}}],"inLanguage":"sr-RS"},{"@type":"Organization","@id":"https:\/\/www.ruggtek.com\/#organization","name":"\u0420\u0430\u0433\u0433\u0442\u0435\u043a","url":"https:\/\/www.ruggtek.com\/","logo":{"@type":"ImageObject","inLanguage":"sr-RS","@id":"https:\/\/www.ruggtek.com\/#\/schema\/logo\/image\/","url":"https:\/\/www.ruggtek.com\/wp-content\/uploads\/2023\/11\/ruggtek.png","contentUrl":"https:\/\/www.ruggtek.com\/wp-content\/uploads\/2023\/11\/ruggtek.png","width":800,"height":800,"caption":"Ruggtek"},"image":{"@id":"https:\/\/www.ruggtek.com\/#\/schema\/logo\/image\/"},"sameAs":["https:\/\/www.facebook.com\/ruggtek\/","https:\/\/www.instagram.com\/ruggtek\/"]}]}},"_links":{"self":[{"href":"https:\/\/www.ruggtek.com\/sr\/wp-json\/wp\/v2\/pages\/3971","targetHints":{"allow":["GET"]}}],"collection":[{"href":"https:\/\/www.ruggtek.com\/sr\/wp-json\/wp\/v2\/pages"}],"about":[{"href":"https:\/\/www.ruggtek.com\/sr\/wp-json\/wp\/v2\/types\/page"}],"author":[{"embeddable":true,"href":"https:\/\/www.ruggtek.com\/sr\/wp-json\/wp\/v2\/users\/92"}],"replies":[{"embeddable":true,"href":"https:\/\/www.ruggtek.com\/sr\/wp-json\/wp\/v2\/comments?post=3971"}],"version-history":[{"count":39,"href":"https:\/\/www.ruggtek.com\/sr\/wp-json\/wp\/v2\/pages\/3971\/revisions"}],"predecessor-version":[{"id":84749,"href":"https:\/\/www.ruggtek.com\/sr\/wp-json\/wp\/v2\/pages\/3971\/revisions\/84749"}],"wp:featuredmedia":[{"embeddable":true,"href":"https:\/\/www.ruggtek.com\/sr\/wp-json\/wp\/v2\/media\/3106"}],"wp:attachment":[{"href":"https:\/\/www.ruggtek.com\/sr\/wp-json\/wp\/v2\/media?parent=3971"}],"curies":[{"name":"wp","href":"https:\/\/api.w.org\/{rel}","templated":true}]}}