{"id":86709,"date":"2025-05-29T09:13:17","date_gmt":"2025-05-29T09:13:17","guid":{"rendered":"https:\/\/www.ruggtek.com\/?page_id=86709"},"modified":"2025-05-29T09:17:27","modified_gmt":"2025-05-29T09:17:27","slug":"mdm-software","status":"publish","type":"page","link":"https:\/\/www.ruggtek.com\/de\/servizi-e-soluzioni\/software-mdm\/","title":{"rendered":"13 - MDM-Software"},"content":{"rendered":"<div id=\"fws_69e31ef31c8bb\"  data-column-margin=\"none\" data-midnight=\"dark\" data-top-percent=\"0%\" data-bottom-percent=\"10%\"  class=\"wpb_row vc_row-fluid vc_row full-width-section vc_row-o-equal-height vc_row-flex vc_row-o-content-top  top_margin_0px top_padding_tablet_10vh top_padding_phone_10vh bottom_padding_tablet_10vh bottom_padding_phone_10vh\"  style=\"padding-top: calc(100vw * 0.00); padding-bottom: calc(100vw * 0.10); \"><div class=\"row-bg-wrap\" data-bg-animation=\"none\" data-bg-animation-delay=\"\" data-bg-overlay=\"false\"><div class=\"inner-wrap row-bg-layer\" ><div class=\"row-bg viewport-desktop\"  style=\"\"><\/div><\/div><\/div><div class=\"row_col_wrap_12 col span_12 dark left\">\n\t<div  class=\"vc_col-sm-6 wpb_column column_container vc_column_container col border_top_desktop_2px border_bottom_desktop_2px border_color_000000 border_style_solid top_padding_desktop_10pct\"  data-padding-pos=\"all\" data-has-bg-color=\"false\" data-bg-color=\"\" data-bg-opacity=\"1\" data-animation=\"\" data-delay=\"0\" >\n\t\t<div class=\"vc_column-inner\" >\n\t\t\t<div class=\"wpb_wrapper\">\n\t\t\t\t\n<div class=\"wpb_text_column wpb_content_element  tito\" >\n\t<div class=\"wpb_wrapper\">\n\t\t<h1>Abschnitt im Bau<\/h1>\n\t<\/div>\n<\/div>\n\n\n\n<div id=\"fws_69e31ef31cc8a\" data-midnight=\"\" data-column-margin=\"default\" class=\"wpb_row vc_row-fluid vc_row inner_row  row_position_absolute top_position_desktop_0px left_position_desktop_-20vw\"  style=\" z-index: -1;\"><div class=\"row-bg-wrap\"> <div class=\"row-bg\" ><\/div> <\/div><div class=\"row_col_wrap_12_inner col span_12  left\">\n\t<div  class=\"vc_col-sm-12 wpb_column column_container vc_column_container col child_column has-animation\"   data-padding-pos=\"all\" data-has-bg-color=\"false\" data-bg-color=\"\" data-bg-opacity=\"1\" data-animation=\"fade-in-from-right\" data-delay=\"0\" >\n\t\t<div class=\"vc_column-inner\" >\n\t\t<div class=\"wpb_wrapper\">\n\t\t\t<div class=\"nectar-scrolling-text font_size_20vw font_size_mobile_40vw custom_color text_space_medium\" data-style=\"default\" data-s-dir=\"ltr\" data-spacing=\"true\" data-outline-thickness=\"thin\" data-s-speed=\"slowest\" data-overflow=\"visible\" ><div class=\"nectar-scrolling-text-inner\" style=\"color: #efefef;\"><div class=\"nectar-scrolling-text-inner__text-chunk\">\n<h1>Demn\u00e4chst...<\/h1>\n<\/div><div class=\"nectar-scrolling-text-inner__text-chunk\">\n<h1>Demn\u00e4chst...<\/h1>\n<\/div><div class=\"nectar-scrolling-text-inner__text-chunk\">\n<h1>Demn\u00e4chst...<\/h1>\n<\/div><div class=\"nectar-scrolling-text-inner__text-chunk\">\n<h1>Demn\u00e4chst...<\/h1>\n<\/div><div class=\"nectar-scrolling-text-inner__text-chunk\">\n<h1>Demn\u00e4chst...<\/h1>\n<\/div><div class=\"nectar-scrolling-text-inner__text-chunk\">\n<h1>Demn\u00e4chst...<\/h1>\n<\/div><div class=\"nectar-scrolling-text-inner__text-chunk\">\n<h1>Demn\u00e4chst...<\/h1>\n<\/div><\/div><\/div>\n\t\t<\/div> \n\t<\/div>\n\t<\/div> \n<\/div><\/div>\n\t\t\t<\/div> \n\t\t<\/div>\n\t<\/div> \n\n\t<div  class=\"vc_col-sm-6 wpb_column column_container vc_column_container col force-tablet-text-align-center force-phone-text-align-center border_top_desktop_2px border_bottom_desktop_2px border_color_000000 border_style_solid left_padding_tablet_10pct left_padding_phone_10pct top_padding_desktop_10pct top_padding_tablet_10pct top_padding_phone_10pct right_padding_tablet_10pct right_padding_phone_10pct bottom_padding_desktop_10pct bottom_padding_tablet_10pct bottom_padding_phone_10pct\"  data-padding-pos=\"all\" data-has-bg-color=\"false\" data-bg-color=\"\" data-bg-opacity=\"1\" data-animation=\"\" data-delay=\"0\" >\n\t\t<div class=\"vc_column-inner\" >\n\t\t\t<div class=\"wpb_wrapper\">\n\t\t\t\t<div class=\"nectar-split-heading  font_size_3vw font_size_tablet_7vw font_size_phone_3em font_line_height_1-4  custom-trigger scroll-timeline\" data-align=\"default\" data-m-align=\"inherit\" data-text-effect=\"scroll-opacity-reveal\" data-animation-type=\"line-reveal-by-space\" data-animation-delay=\"0\" data-animation-offset=\"\" data-m-rm-animation=\"\" data-stagger=\"true\" data-custom-font-size=\"true\" style=\"font-size: 3vw; line-height: 3.3vw;\"><h3 style=\" color: #333333;\">Dieser Bereich der Website befindet sich derzeit im Aufbau, besuchen Sie uns in ein paar Tagen!<\/h3><\/div>\n\t\t\t<\/div> \n\t\t<\/div>\n\t<\/div> \n<\/div><\/div>","protected":false},"excerpt":{"rendered":"Abschnitt im Aufbau, demn\u00e4chst... demn\u00e4chst... demn\u00e4chst... demn\u00e4chst... demn\u00e4chst... demn\u00e4chst... demn\u00e4chst... demn\u00e4chst... Dieser Bereich der Website befindet sich derzeit im Aufbau, besuchen Sie uns in ein paar...","protected":false},"author":92,"featured_media":84928,"parent":455,"menu_order":0,"comment_status":"closed","ping_status":"closed","template":"","meta":{"inline_featured_image":false,"wpupg_custom_link":[],"wpupg_custom_link_behaviour":["default"],"wpupg_custom_link_nofollow":["default"],"wpupg_custom_image":[],"wpupg_custom_image_id":[],"footnotes":""},"class_list":["post-86709","page","type-page","status-publish","has-post-thumbnail"],"yoast_head":"<!-- This site is optimized with the Yoast SEO Premium plugin v24.3 (Yoast SEO v27.2) - https:\/\/yoast.com\/product\/yoast-seo-premium-wordpress\/ -->\n<title>13 - Software MDM | Ruggtek<\/title>\n<meta name=\"robots\" content=\"index, follow, max-snippet:-1, max-image-preview:large, max-video-preview:-1\" \/>\n<link rel=\"canonical\" href=\"https:\/\/www.ruggtek.com\/de\/dienstleistungen-und-losungen\/mdm-software\/\" \/>\n<meta property=\"og:locale\" content=\"de_DE\" \/>\n<meta property=\"og:type\" content=\"article\" \/>\n<meta property=\"og:title\" content=\"13 - Software MDM\" \/>\n<meta property=\"og:url\" content=\"https:\/\/www.ruggtek.com\/de\/dienstleistungen-und-losungen\/mdm-software\/\" \/>\n<meta property=\"og:site_name\" content=\"Ruggtek\" \/>\n<meta property=\"article:publisher\" content=\"https:\/\/www.facebook.com\/ruggtek\/\" \/>\n<meta property=\"article:modified_time\" content=\"2025-05-29T09:17:27+00:00\" \/>\n<meta property=\"og:image\" content=\"https:\/\/www.ruggtek.com\/wp-content\/uploads\/2024\/10\/tablet-rally-hero.jpg\" \/>\n\t<meta property=\"og:image:width\" content=\"1620\" \/>\n\t<meta property=\"og:image:height\" content=\"800\" \/>\n\t<meta property=\"og:image:type\" content=\"image\/jpeg\" \/>\n<meta name=\"twitter:card\" content=\"summary_large_image\" \/>\n<meta name=\"twitter:label1\" content=\"Gesch\u00e4tzte Lesezeit\" \/>\n\t<meta name=\"twitter:data1\" content=\"2\u00a0Minuten\" \/>\n<script type=\"application\/ld+json\" class=\"yoast-schema-graph\">{\"@context\":\"https:\/\/schema.org\",\"@graph\":[{\"@type\":\"WebPage\",\"@id\":\"https:\/\/www.ruggtek.com\/servizi-e-soluzioni\/software-mdm\/\",\"url\":\"https:\/\/www.ruggtek.com\/servizi-e-soluzioni\/software-mdm\/\",\"name\":\"13 - Software MDM | Ruggtek\",\"isPartOf\":{\"@id\":\"https:\/\/www.ruggtek.com\/#website\"},\"primaryImageOfPage\":{\"@id\":\"https:\/\/www.ruggtek.com\/servizi-e-soluzioni\/software-mdm\/#primaryimage\"},\"image\":{\"@id\":\"https:\/\/www.ruggtek.com\/servizi-e-soluzioni\/software-mdm\/#primaryimage\"},\"thumbnailUrl\":\"https:\/\/www.ruggtek.com\/wp-content\/uploads\/2024\/10\/tablet-rally-hero.jpg\",\"datePublished\":\"2025-05-29T09:13:17+00:00\",\"dateModified\":\"2025-05-29T09:17:27+00:00\",\"breadcrumb\":{\"@id\":\"https:\/\/www.ruggtek.com\/servizi-e-soluzioni\/software-mdm\/#breadcrumb\"},\"inLanguage\":\"de\",\"potentialAction\":[{\"@type\":\"ReadAction\",\"target\":[\"https:\/\/www.ruggtek.com\/servizi-e-soluzioni\/software-mdm\/\"]}]},{\"@type\":\"ImageObject\",\"inLanguage\":\"de\",\"@id\":\"https:\/\/www.ruggtek.com\/servizi-e-soluzioni\/software-mdm\/#primaryimage\",\"url\":\"https:\/\/www.ruggtek.com\/wp-content\/uploads\/2024\/10\/tablet-rally-hero.jpg\",\"contentUrl\":\"https:\/\/www.ruggtek.com\/wp-content\/uploads\/2024\/10\/tablet-rally-hero.jpg\",\"width\":1620,\"height\":800},{\"@type\":\"BreadcrumbList\",\"@id\":\"https:\/\/www.ruggtek.com\/servizi-e-soluzioni\/software-mdm\/#breadcrumb\",\"itemListElement\":[{\"@type\":\"ListItem\",\"position\":1,\"name\":\"Home\",\"item\":\"https:\/\/www.ruggtek.com\/\"},{\"@type\":\"ListItem\",\"position\":2,\"name\":\"Servizi e soluzioni\",\"item\":\"https:\/\/www.ruggtek.com\/servizi-e-soluzioni\/\"},{\"@type\":\"ListItem\",\"position\":3,\"name\":\"13 &#8211; Software MDM\"}]},{\"@type\":\"WebSite\",\"@id\":\"https:\/\/www.ruggtek.com\/#website\",\"url\":\"https:\/\/www.ruggtek.com\/\",\"name\":\"Ruggtek \u2013 Tablet Industriali Rugged\",\"description\":\"Rugged mobile computer\",\"publisher\":{\"@id\":\"https:\/\/www.ruggtek.com\/#organization\"},\"alternateName\":\"Ruggtek Rugged Devices\",\"potentialAction\":[{\"@type\":\"SearchAction\",\"target\":{\"@type\":\"EntryPoint\",\"urlTemplate\":\"https:\/\/www.ruggtek.com\/?s={search_term_string}\"},\"query-input\":{\"@type\":\"PropertyValueSpecification\",\"valueRequired\":true,\"valueName\":\"search_term_string\"}}],\"inLanguage\":\"de\"},{\"@type\":\"Organization\",\"@id\":\"https:\/\/www.ruggtek.com\/#organization\",\"name\":\"Ruggtek\",\"url\":\"https:\/\/www.ruggtek.com\/\",\"logo\":{\"@type\":\"ImageObject\",\"inLanguage\":\"de\",\"@id\":\"https:\/\/www.ruggtek.com\/#\/schema\/logo\/image\/\",\"url\":\"https:\/\/www.ruggtek.com\/wp-content\/uploads\/2023\/11\/ruggtek.png\",\"contentUrl\":\"https:\/\/www.ruggtek.com\/wp-content\/uploads\/2023\/11\/ruggtek.png\",\"width\":800,\"height\":800,\"caption\":\"Ruggtek\"},\"image\":{\"@id\":\"https:\/\/www.ruggtek.com\/#\/schema\/logo\/image\/\"},\"sameAs\":[\"https:\/\/www.facebook.com\/ruggtek\/\",\"https:\/\/www.instagram.com\/ruggtek\/\"]}]}<\/script>\n<!-- \/ Yoast SEO Premium plugin. -->","yoast_head_json":{"title":"13 - MDM-Software | Ruggtek","robots":{"index":"index","follow":"follow","max-snippet":"max-snippet:-1","max-image-preview":"max-image-preview:large","max-video-preview":"max-video-preview:-1"},"canonical":"https:\/\/www.ruggtek.com\/de\/dienstleistungen-und-losungen\/mdm-software\/","og_locale":"de_DE","og_type":"article","og_title":"13 - Software MDM","og_url":"https:\/\/www.ruggtek.com\/de\/dienstleistungen-und-losungen\/mdm-software\/","og_site_name":"Ruggtek","article_publisher":"https:\/\/www.facebook.com\/ruggtek\/","article_modified_time":"2025-05-29T09:17:27+00:00","og_image":[{"width":1620,"height":800,"url":"https:\/\/www.ruggtek.com\/wp-content\/uploads\/2024\/10\/tablet-rally-hero.jpg","type":"image\/jpeg"}],"twitter_card":"summary_large_image","twitter_misc":{"Gesch\u00e4tzte Lesezeit":"2\u00a0Minuten"},"schema":{"@context":"https:\/\/schema.org","@graph":[{"@type":"WebPage","@id":"https:\/\/www.ruggtek.com\/servizi-e-soluzioni\/software-mdm\/","url":"https:\/\/www.ruggtek.com\/servizi-e-soluzioni\/software-mdm\/","name":"13 - MDM-Software | Ruggtek","isPartOf":{"@id":"https:\/\/www.ruggtek.com\/#website"},"primaryImageOfPage":{"@id":"https:\/\/www.ruggtek.com\/servizi-e-soluzioni\/software-mdm\/#primaryimage"},"image":{"@id":"https:\/\/www.ruggtek.com\/servizi-e-soluzioni\/software-mdm\/#primaryimage"},"thumbnailUrl":"https:\/\/www.ruggtek.com\/wp-content\/uploads\/2024\/10\/tablet-rally-hero.jpg","datePublished":"2025-05-29T09:13:17+00:00","dateModified":"2025-05-29T09:17:27+00:00","breadcrumb":{"@id":"https:\/\/www.ruggtek.com\/servizi-e-soluzioni\/software-mdm\/#breadcrumb"},"inLanguage":"de","potentialAction":[{"@type":"ReadAction","target":["https:\/\/www.ruggtek.com\/servizi-e-soluzioni\/software-mdm\/"]}]},{"@type":"ImageObject","inLanguage":"de","@id":"https:\/\/www.ruggtek.com\/servizi-e-soluzioni\/software-mdm\/#primaryimage","url":"https:\/\/www.ruggtek.com\/wp-content\/uploads\/2024\/10\/tablet-rally-hero.jpg","contentUrl":"https:\/\/www.ruggtek.com\/wp-content\/uploads\/2024\/10\/tablet-rally-hero.jpg","width":1620,"height":800},{"@type":"BreadcrumbList","@id":"https:\/\/www.ruggtek.com\/servizi-e-soluzioni\/software-mdm\/#breadcrumb","itemListElement":[{"@type":"ListItem","position":1,"name":"Home","item":"https:\/\/www.ruggtek.com\/"},{"@type":"ListItem","position":2,"name":"Servizi e soluzioni","item":"https:\/\/www.ruggtek.com\/servizi-e-soluzioni\/"},{"@type":"ListItem","position":3,"name":"13 &#8211; Software MDM"}]},{"@type":"WebSite","@id":"https:\/\/www.ruggtek.com\/#website","url":"https:\/\/www.ruggtek.com\/","name":"Ruggtek - Robuste Industrie-Tablets","description":"Robuster mobiler Computer","publisher":{"@id":"https:\/\/www.ruggtek.com\/#organization"},"alternateName":"Ruggtek Rugged Devices","potentialAction":[{"@type":"SearchAction","target":{"@type":"EntryPoint","urlTemplate":"https:\/\/www.ruggtek.com\/?s={search_term_string}"},"query-input":{"@type":"PropertyValueSpecification","valueRequired":true,"valueName":"search_term_string"}}],"inLanguage":"de"},{"@type":"Organization","@id":"https:\/\/www.ruggtek.com\/#organization","name":"Ruggtek","url":"https:\/\/www.ruggtek.com\/","logo":{"@type":"ImageObject","inLanguage":"de","@id":"https:\/\/www.ruggtek.com\/#\/schema\/logo\/image\/","url":"https:\/\/www.ruggtek.com\/wp-content\/uploads\/2023\/11\/ruggtek.png","contentUrl":"https:\/\/www.ruggtek.com\/wp-content\/uploads\/2023\/11\/ruggtek.png","width":800,"height":800,"caption":"Ruggtek"},"image":{"@id":"https:\/\/www.ruggtek.com\/#\/schema\/logo\/image\/"},"sameAs":["https:\/\/www.facebook.com\/ruggtek\/","https:\/\/www.instagram.com\/ruggtek\/"]}]}},"_links":{"self":[{"href":"https:\/\/www.ruggtek.com\/de\/wp-json\/wp\/v2\/pages\/86709","targetHints":{"allow":["GET"]}}],"collection":[{"href":"https:\/\/www.ruggtek.com\/de\/wp-json\/wp\/v2\/pages"}],"about":[{"href":"https:\/\/www.ruggtek.com\/de\/wp-json\/wp\/v2\/types\/page"}],"author":[{"embeddable":true,"href":"https:\/\/www.ruggtek.com\/de\/wp-json\/wp\/v2\/users\/92"}],"replies":[{"embeddable":true,"href":"https:\/\/www.ruggtek.com\/de\/wp-json\/wp\/v2\/comments?post=86709"}],"version-history":[{"count":1,"href":"https:\/\/www.ruggtek.com\/de\/wp-json\/wp\/v2\/pages\/86709\/revisions"}],"predecessor-version":[{"id":86710,"href":"https:\/\/www.ruggtek.com\/de\/wp-json\/wp\/v2\/pages\/86709\/revisions\/86710"}],"up":[{"embeddable":true,"href":"https:\/\/www.ruggtek.com\/de\/wp-json\/wp\/v2\/pages\/455"}],"wp:featuredmedia":[{"embeddable":true,"href":"https:\/\/www.ruggtek.com\/de\/wp-json\/wp\/v2\/media\/84928"}],"wp:attachment":[{"href":"https:\/\/www.ruggtek.com\/de\/wp-json\/wp\/v2\/media?parent=86709"}],"curies":[{"name":"wp","href":"https:\/\/api.w.org\/{rel}","templated":true}]}}